{"id":331,"date":"2021-07-08T10:27:20","date_gmt":"2021-07-08T08:27:20","guid":{"rendered":"https:\/\/2021.ostravskamuzejninoc.cz\/?page_id=331"},"modified":"2021-08-03T08:21:27","modified_gmt":"2021-08-03T06:21:27","slug":"kontakt","status":"publish","type":"page","link":"https:\/\/2021.ostravskamuzejninoc.cz\/pl\/kontakt\/","title":{"rendered":"Kontakt"},"content":{"rendered":"<h1>Kontakty<\/h1>\n<p>&nbsp;<\/p>\n<p>Magdal\u00e9na Sta\u0148kov\u00e1<br \/>\nstankova@gvuo.cz<br \/>\n+420 605 200 380<\/p>\n","protected":false},"excerpt":{"rendered":"","protected":false},"author":1,"featured_media":0,"parent":0,"menu_order":0,"comment_status":"closed","ping_status":"closed","template":"","meta":{"footnotes":""},"class_list":["post-331","page","type-page","status-publish","hentry"],"_links":{"self":[{"href":"https:\/\/2021.ostravskamuzejninoc.cz\/pl\/wp-json\/wp\/v2\/pages\/331","targetHints":{"allow":["GET"]}}],"collection":[{"href":"https:\/\/2021.ostravskamuzejninoc.cz\/pl\/wp-json\/wp\/v2\/pages"}],"about":[{"href":"https:\/\/2021.ostravskamuzejninoc.cz\/pl\/wp-json\/wp\/v2\/types\/page"}],"author":[{"embeddable":true,"href":"https:\/\/2021.ostravskamuzejninoc.cz\/pl\/wp-json\/wp\/v2\/users\/1"}],"replies":[{"embeddable":true,"href":"https:\/\/2021.ostravskamuzejninoc.cz\/pl\/wp-json\/wp\/v2\/comments?post=331"}],"version-history":[{"count":14,"href":"https:\/\/2021.ostravskamuzejninoc.cz\/pl\/wp-json\/wp\/v2\/pages\/331\/revisions"}],"predecessor-version":[{"id":931,"href":"https:\/\/2021.ostravskamuzejninoc.cz\/pl\/wp-json\/wp\/v2\/pages\/331\/revisions\/931"}],"wp:attachment":[{"href":"https:\/\/2021.ostravskamuzejninoc.cz\/pl\/wp-json\/wp\/v2\/media?parent=331"}],"curies":[{"name":"wp","href":"https:\/\/api.w.org\/{rel}","templated":true}]}}