{"id":663,"date":"2021-07-23T12:36:22","date_gmt":"2021-07-23T10:36:22","guid":{"rendered":"https:\/\/2021.ostravskamuzejninoc.cz\/?page_id=663"},"modified":"2021-08-19T13:16:50","modified_gmt":"2021-08-19T11:16:50","slug":"partneri-2","status":"publish","type":"page","link":"https:\/\/2021.ostravskamuzejninoc.cz\/pl\/partneri-2\/","title":{"rendered":"Covid-19"},"content":{"rendered":"<h3><\/h3>\n<h3>\u015aRODKI PREWENCYJNE<\/h3>\n<p>12. edycja Ostrawskiej Nocy Muze\u00f3w przebiegnie przy przestrzeganiu wszystkich rygor\u00f3w sanitarnych obowi\u0105zuj\u0105cych w danym czasie (28.8-2012).<\/p>\n<p><strong>UCZESTNICTWO W IMPREZIE JEST MO\u017bLIWE POD TYMI RYGORAMI<\/strong><br \/>\n1. We wn\u0119trzach konieczne jest zakrycie dr\u00f3g oddechowych maseczk\u0105 FFP2\/KN95\/N95 lub maseczk\u0105 z nanosrebrem Ag+<br \/>\n2. Niezb\u0119dne jest utrzymywanie dystansu, nie dotyczy to os\u00f3b z jednego gospodarstwa domowego<br \/>\n3. Na wi\u0119kszo\u015bci imprez wewn\u0105trz nale\u017cy legitymowa\u0107 si\u0119 paszportem covidowym:<br \/>\nZa\u015bwiadczeniem o up\u0142yni\u0119ciu 14 dni karencji od ostatniej dawki szczepionki.<br \/>\nZa\u015bwiadczeniem o te\u015bcie RT PCR lub antygenowym te\u015bcie w certyfikownym labolatorium.<br \/>\nZa\u015bwiadczeniem o przej\u015bciu COVID-19 przed mniej ni\u017c 180 dniami wydanym przez certyfikowane laboratorium.<br \/>\nZ wyj\u0105tkiem dzieci do 6 lat.<\/p>\n<p><strong>POLECAMY<\/strong><br \/>\nPolecamy Pa\u0144stwu \u015bci\u0105gni\u0119cie z sieci aplikacji Te\u010dka, dzi\u0119ki kt\u00f3rej szybko i spolegliwie wyka\u017c\u0105 si\u0119 Pa\u0144stwo danymi o szczepieniu, przebytej chorobie lub wa\u017cnych testach.<\/p>\n<div class='content-column one_sixth'><div style=\"padding-right:10px;padding-left:0px;\"><\/div><\/div>\n<p>&nbsp;<\/p>\n","protected":false},"excerpt":{"rendered":"","protected":false},"author":1,"featured_media":0,"parent":0,"menu_order":0,"comment_status":"closed","ping_status":"closed","template":"","meta":{"footnotes":""},"class_list":["post-663","page","type-page","status-publish","hentry"],"_links":{"self":[{"href":"https:\/\/2021.ostravskamuzejninoc.cz\/pl\/wp-json\/wp\/v2\/pages\/663","targetHints":{"allow":["GET"]}}],"collection":[{"href":"https:\/\/2021.ostravskamuzejninoc.cz\/pl\/wp-json\/wp\/v2\/pages"}],"about":[{"href":"https:\/\/2021.ostravskamuzejninoc.cz\/pl\/wp-json\/wp\/v2\/types\/page"}],"author":[{"embeddable":true,"href":"https:\/\/2021.ostravskamuzejninoc.cz\/pl\/wp-json\/wp\/v2\/users\/1"}],"replies":[{"embeddable":true,"href":"https:\/\/2021.ostravskamuzejninoc.cz\/pl\/wp-json\/wp\/v2\/comments?post=663"}],"version-history":[{"count":55,"href":"https:\/\/2021.ostravskamuzejninoc.cz\/pl\/wp-json\/wp\/v2\/pages\/663\/revisions"}],"predecessor-version":[{"id":1179,"href":"https:\/\/2021.ostravskamuzejninoc.cz\/pl\/wp-json\/wp\/v2\/pages\/663\/revisions\/1179"}],"wp:attachment":[{"href":"https:\/\/2021.ostravskamuzejninoc.cz\/pl\/wp-json\/wp\/v2\/media?parent=663"}],"curies":[{"name":"wp","href":"https:\/\/api.w.org\/{rel}","templated":true}]}}