{"id":75,"date":"2021-07-07T14:49:44","date_gmt":"2021-07-07T12:49:44","guid":{"rendered":"https:\/\/2021.ostravskamuzejninoc.cz\/?page_id=75"},"modified":"2021-08-31T10:55:24","modified_gmt":"2021-08-31T08:55:24","slug":"media","status":"publish","type":"page","link":"https:\/\/2021.ostravskamuzejninoc.cz\/pl\/media\/","title":{"rendered":"Media"},"content":{"rendered":"\r\n<h3>PARTNERZY<\/h3>\r\n<p>Projekt wsp\u00f3\u0142finansowany ze \u015brodk\u00f3w miasto Ostrawy oraz wojew\u00f3dztwa Morawsko-\u015al\u0105skiego.<\/p>\r\n<div class='content-column one_sixth'><div style=\"padding-right:10px;padding-left:0px;\"><p><a href=\"https:\/\/www.ostrava.cz\/cs\"><img loading=\"lazy\" decoding=\"async\" class=\"aligncenter wp-image-806\" src=\"https:\/\/2021.ostravskamuzejninoc.cz\/wp-content\/uploads\/2021\/07\/ostrava-logo-biele-na-web-OMN_Kreslici-platno-1_Kreslici-platno-1-300x121.png\" alt=\"\" width=\"248\" height=\"100\" srcset=\"https:\/\/2021.ostravskamuzejninoc.cz\/wp-content\/uploads\/2021\/07\/ostrava-logo-biele-na-web-OMN_Kreslici-platno-1_Kreslici-platno-1-300x121.png 300w, https:\/\/2021.ostravskamuzejninoc.cz\/wp-content\/uploads\/2021\/07\/ostrava-logo-biele-na-web-OMN_Kreslici-platno-1_Kreslici-platno-1-1024x413.png 1024w, https:\/\/2021.ostravskamuzejninoc.cz\/wp-content\/uploads\/2021\/07\/ostrava-logo-biele-na-web-OMN_Kreslici-platno-1_Kreslici-platno-1-768x309.png 768w, https:\/\/2021.ostravskamuzejninoc.cz\/wp-content\/uploads\/2021\/07\/ostrava-logo-biele-na-web-OMN_Kreslici-platno-1_Kreslici-platno-1-226x91.png 226w, https:\/\/2021.ostravskamuzejninoc.cz\/wp-content\/uploads\/2021\/07\/ostrava-logo-biele-na-web-OMN_Kreslici-platno-1_Kreslici-platno-1.png 1241w\" sizes=\"auto, (max-width: 248px) 100vw, 248px\" \/><\/a><\/p><\/div><\/div>\r\n<div class='content-column one_sixth'><div style=\"padding-right:10px;padding-left:0px;\"><p><a href=\"https:\/\/www.msk.cz\/\" target=\"_blank\" rel=\"noopener noreferrer\"><img loading=\"lazy\" decoding=\"async\" class=\"wp-image-780 aligncenter\" src=\"https:\/\/2017.ostravskamuzejninoc.cz\/wp-content\/uploads\/2017\/05\/moravskoslezsky_kraj.png\" sizes=\"auto, (max-width: 300px) 100vw, 300px\" srcset=\"https:\/\/2017.ostravskamuzejninoc.cz\/wp-content\/uploads\/2017\/05\/moravskoslezsky_kraj.png 300w, https:\/\/2017.ostravskamuzejninoc.cz\/wp-content\/uploads\/2017\/05\/moravskoslezsky_kraj-184x61.png 184w\" alt=\"\" width=\"200\" height=\"254\" \/><\/a><\/p><\/div><\/div>\r\n<div class='content-column one_sixth'><div style=\"padding-right:10px;padding-left:0px;\"><p><a href=\"https:\/\/www.cz-museums.cz\/web\/amg\/titulni\" target=\"_blank\" rel=\"noopener noreferrer\"><img loading=\"lazy\" decoding=\"async\" class=\"wp-image-776 aligncenter\" src=\"https:\/\/2017.ostravskamuzejninoc.cz\/wp-content\/uploads\/2017\/05\/amg.png\" sizes=\"auto, (max-width: 300px) 100vw, 300px\" srcset=\"https:\/\/2017.ostravskamuzejninoc.cz\/wp-content\/uploads\/2017\/05\/amg.png 300w, https:\/\/2017.ostravskamuzejninoc.cz\/wp-content\/uploads\/2017\/05\/amg-184x61.png 184w\" alt=\"\" width=\"200\" height=\"60\" \/><\/a><\/p><\/div><\/div>\r\n<div class='content-column one_sixth'><div style=\"padding-right:10px;padding-left:0px;\"><p><a href=\"https:\/\/www.dpo.cz\/\" target=\"_blank\" rel=\"noopener noreferrer\"><img loading=\"lazy\" decoding=\"async\" class=\"wp-image-779 aligncenter\" src=\"https:\/\/2017.ostravskamuzejninoc.cz\/wp-content\/uploads\/2017\/05\/dpo.png\" sizes=\"auto, (max-width: 200px) 100vw, 300px\" srcset=\"https:\/\/2017.ostravskamuzejninoc.cz\/wp-content\/uploads\/2017\/05\/dpo.png 300w, https:\/\/2017.ostravskamuzejninoc.cz\/wp-content\/uploads\/2017\/05\/dpo-184x61.png 184w\" alt=\"\" width=\"150\" height=\"105\" \/><\/a><\/p><\/div><\/div>\r\n<div class='content-column one_sixth'><div style=\"padding-right:10px;padding-left:0px;\"><p><img loading=\"lazy\" decoding=\"async\" class=\"aligncenter wp-image-932\" src=\"https:\/\/2021.ostravskamuzejninoc.cz\/wp-content\/uploads\/2021\/08\/program.png\" alt=\"\" width=\"150\" height=\"50\" srcset=\"https:\/\/2021.ostravskamuzejninoc.cz\/wp-content\/uploads\/2021\/08\/program.png 300w, https:\/\/2021.ostravskamuzejninoc.cz\/wp-content\/uploads\/2021\/08\/program-226x75.png 226w\" sizes=\"auto, (max-width: 150px) 100vw, 150px\" \/><\/p><\/div><\/div>\r\n<div class='content-column one_sixth last_column'><div style=\"padding-right:10px;padding-left:0px;\"><p><a href=\"https:\/\/www.rengl.cz\/\" target=\"_blank\" rel=\"noopener noreferrer\"><img loading=\"lazy\" decoding=\"async\" class=\"aligncenter wp-image-1008\" src=\"https:\/\/2019.ostravskamuzejninoc.cz\/wp-content\/uploads\/2019\/05\/rengl.png\" alt=\"\" width=\"100\" height=\"50\" \/><\/a><\/p><\/div><\/div><div class='clear_column'><\/div>\r\n<p>&nbsp;<\/p>\r\n<p>&nbsp;<\/p>\r\n<p><!-- \/wp:paragraph --><\/p>\r\n<p>&nbsp;<\/p>\r\n<p><!-- wp:paragraph --><\/p>\r\n<p>&nbsp;<\/p>\r\n<table>\r\n<tbody>\r\n<tr>\r\n<td width=\"25%\"><img loading=\"lazy\" decoding=\"async\" class=\"alignnone size-medium wp-image-806\" src=\"https:\/\/2021.ostravskamuzejninoc.cz\/wp-content\/uploads\/2021\/07\/ostrava-logo-biele-na-web-OMN_Kreslici-platno-1_Kreslici-platno-1-300x121.png\" alt=\"\" width=\"300\" height=\"121\" srcset=\"https:\/\/2021.ostravskamuzejninoc.cz\/wp-content\/uploads\/2021\/07\/ostrava-logo-biele-na-web-OMN_Kreslici-platno-1_Kreslici-platno-1-300x121.png 300w, https:\/\/2021.ostravskamuzejninoc.cz\/wp-content\/uploads\/2021\/07\/ostrava-logo-biele-na-web-OMN_Kreslici-platno-1_Kreslici-platno-1-1024x413.png 1024w, https:\/\/2021.ostravskamuzejninoc.cz\/wp-content\/uploads\/2021\/07\/ostrava-logo-biele-na-web-OMN_Kreslici-platno-1_Kreslici-platno-1-768x309.png 768w, https:\/\/2021.ostravskamuzejninoc.cz\/wp-content\/uploads\/2021\/07\/ostrava-logo-biele-na-web-OMN_Kreslici-platno-1_Kreslici-platno-1-226x91.png 226w, https:\/\/2021.ostravskamuzejninoc.cz\/wp-content\/uploads\/2021\/07\/ostrava-logo-biele-na-web-OMN_Kreslici-platno-1_Kreslici-platno-1.png 1241w\" sizes=\"auto, (max-width: 300px) 100vw, 300px\" \/><\/td>\r\n<td width=\"25%\"><a href=\"https:\/\/www.msk.cz\/\" target=\"_blank\" rel=\"noopener noreferrer\"><img loading=\"lazy\" decoding=\"async\" class=\"wp-image-780 aligncenter\" src=\"https:\/\/2017.ostravskamuzejninoc.cz\/wp-content\/uploads\/2017\/05\/moravskoslezsky_kraj.png\" sizes=\"auto, (max-width: 300px) 100vw, 300px\" srcset=\"https:\/\/2017.ostravskamuzejninoc.cz\/wp-content\/uploads\/2017\/05\/moravskoslezsky_kraj.png 300w, https:\/\/2017.ostravskamuzejninoc.cz\/wp-content\/uploads\/2017\/05\/moravskoslezsky_kraj-184x61.png 184w\" alt=\"\" width=\"200\" height=\"254\" \/><\/a><\/td>\r\n<td width=\"25%\">\u00a0<\/td>\r\n<td width=\"25%\">\u00a0<\/td>\r\n<\/tr>\r\n<\/tbody>\r\n<\/table>\r\n<table>\r\n<tbody>\r\n<tr>\r\n<td width=\"25%\"><strong>Partne\u0159i:<\/strong><\/td>\r\n<td width=\"25%\"><a href=\"https:\/\/www.dpo.cz\/\" target=\"_blank\" rel=\"noopener noreferrer\"><img loading=\"lazy\" decoding=\"async\" class=\"wp-image-779 aligncenter\" src=\"https:\/\/2017.ostravskamuzejninoc.cz\/wp-content\/uploads\/2017\/05\/dpo.png\" sizes=\"auto, (max-width: 300px) 100vw, 300px\" srcset=\"https:\/\/2017.ostravskamuzejninoc.cz\/wp-content\/uploads\/2017\/05\/dpo.png 300w, https:\/\/2017.ostravskamuzejninoc.cz\/wp-content\/uploads\/2017\/05\/dpo-184x61.png 184w\" alt=\"\" width=\"200\" height=\"133\" \/><\/a><\/td>\r\n<td width=\"25%\"><a href=\"https:\/\/www.rengl.cz\/\" target=\"_blank\" rel=\"noopener noreferrer\"><img loading=\"lazy\" decoding=\"async\" class=\"aligncenter wp-image-1008\" src=\"https:\/\/2019.ostravskamuzejninoc.cz\/wp-content\/uploads\/2019\/05\/rengl.png\" alt=\"\" width=\"137\" height=\"78\" \/><\/a><\/td>\r\n<td width=\"25%\"><a href=\"https:\/\/www.cz-museums.cz\/web\/amg\/titulni\" target=\"_blank\" rel=\"noopener noreferrer\"><img loading=\"lazy\" decoding=\"async\" class=\"wp-image-776 aligncenter\" src=\"https:\/\/2017.ostravskamuzejninoc.cz\/wp-content\/uploads\/2017\/05\/amg.png\" sizes=\"auto, (max-width: 300px) 100vw, 300px\" srcset=\"https:\/\/2017.ostravskamuzejninoc.cz\/wp-content\/uploads\/2017\/05\/amg.png 300w, https:\/\/2017.ostravskamuzejninoc.cz\/wp-content\/uploads\/2017\/05\/amg-184x61.png 184w\" alt=\"\" width=\"261\" height=\"87\" \/><\/a><\/td>\r\n<\/tr>\r\n<\/tbody>\r\n<\/table>\r\n<!-- wp:paragraph -->\r\n<p>&nbsp;<\/p>\r\n<!-- \/wp:paragraph -->","protected":false},"excerpt":{"rendered":"","protected":false},"author":1,"featured_media":0,"parent":0,"menu_order":0,"comment_status":"closed","ping_status":"closed","template":"","meta":{"footnotes":""},"class_list":["post-75","page","type-page","status-publish","hentry"],"_links":{"self":[{"href":"https:\/\/2021.ostravskamuzejninoc.cz\/pl\/wp-json\/wp\/v2\/pages\/75","targetHints":{"allow":["GET"]}}],"collection":[{"href":"https:\/\/2021.ostravskamuzejninoc.cz\/pl\/wp-json\/wp\/v2\/pages"}],"about":[{"href":"https:\/\/2021.ostravskamuzejninoc.cz\/pl\/wp-json\/wp\/v2\/types\/page"}],"author":[{"embeddable":true,"href":"https:\/\/2021.ostravskamuzejninoc.cz\/pl\/wp-json\/wp\/v2\/users\/1"}],"replies":[{"embeddable":true,"href":"https:\/\/2021.ostravskamuzejninoc.cz\/pl\/wp-json\/wp\/v2\/comments?post=75"}],"version-history":[{"count":21,"href":"https:\/\/2021.ostravskamuzejninoc.cz\/pl\/wp-json\/wp\/v2\/pages\/75\/revisions"}],"predecessor-version":[{"id":1255,"href":"https:\/\/2021.ostravskamuzejninoc.cz\/pl\/wp-json\/wp\/v2\/pages\/75\/revisions\/1255"}],"wp:attachment":[{"href":"https:\/\/2021.ostravskamuzejninoc.cz\/pl\/wp-json\/wp\/v2\/media?parent=75"}],"curies":[{"name":"wp","href":"https:\/\/api.w.org\/{rel}","templated":true}]}}